{"id":875,"date":"2026-03-17T11:38:01","date_gmt":"2026-03-17T08:38:01","guid":{"rendered":"https:\/\/palaiahotel.com\/cctv-aydinlatma-metni\/"},"modified":"2026-03-25T09:58:16","modified_gmt":"2026-03-25T06:58:16","slug":"cctv-information-text","status":"publish","type":"page","link":"https:\/\/palaiahotel.com\/en\/cctv-information-text\/","title":{"rendered":"CCTV Information Text"},"content":{"rendered":"\r\n<h1 class=\"wp-block-heading\">CCTV RECORDING INFORMATION TEXT<\/h1>\r\n\r\n\r\n\r\n<h2 class=\"wp-block-heading\">A. Short Warning Text \/ Sign<\/h2>\r\n\r\n\r\n\r\n<p>THIS FACILITY IS EQUIPPED WITH 24\/7 CAMERA SURVEILLANCE TO ENSURE SECURITY.<br \/>Detailed information can be obtained from the reception and\/or at www.palaiahotel.com.<br \/>Data Controller: TEK\u0130NALP YAPI LIMITED COMPANY<\/p>\r\n\r\n\r\n\r\n<h2 class=\"wp-block-heading\">B. Detailed CCTV Recording Information Text<\/h2>\r\n\r\n\r\n\r\n<p>PALAIA HOTEL CCTV \/ CAMERA RECORDING INFORMATION TEXT<\/p>\r\n<p>This disclosure statement has been prepared by TEK\u0130NALP YAPI LIMITED COMPANY, acting as the data controller, in accordance with Article 10 of the Law No. 6698 on the Protection of Personal Data.<\/p>\r\n<p><span style=\"color: #1b1b1b; font-size: 2rem;\">1. \u00a0Identity of the Data Controller<\/span><\/p>\r\n\r\n\r\n\r\n<p>TEK\u0130NALP YAPI LIMITED COMPANY<br \/>MERSIS No: 0834075831200012<br \/>Tax No: 8340758312<br \/>Address: Atat\u00fcrk Mah. \u00c7itlenbik Cad. Tad\u0131m Plaza Blok No: 4 Ata\u015fehir \/ Istanbul<\/p>\r\n<p>Facilities: Palaia Hotel, \u0130skele Mah. 137\/1 Sok. No: 4, 48900 Dat\u00e7a \/ Mu\u011fla<br \/>Email: info@palaiahotel.com<\/p>\r\n\r\n\r\n\r\n<h2 class=\"wp-block-heading\">2. Personal Data Processed<\/h2>\r\n\r\n\r\n\r\n<p>The facility processes video data of people in common areas via security cameras.<\/p>\r\n\r\n\r\n\r\n<h2 class=\"wp-block-heading\">3. Areas Where Camera Monitoring is Performed<\/h2>\r\n\r\n\r\n\r\n<p>For facility security and operational procedures, camera recording may be conducted at entry and exit points, around the reception area, in the lobby, common areas, corridors, parking, and other outdoor areas deemed necessary for security.<\/p>\r\n<p>Camera recording will not be conducted in areas where it would violate the privacy of individuals.<\/p>\r\n\r\n\r\n\r\n<h2 class=\"wp-block-heading\">4. Purposes of Processing Personal Data<\/h2>\r\n\r\n\r\n\r\n<p>Camera recordings are processed for the following purposes:<\/p>\r\n<p>ensuring physical security of the premises,<\/p>\r\n<p>ensuring the safety of guests, visitors and employees,<\/p>\r\n<p>protecting facility assets,<\/p>\r\n<p>detecting and investigating possible incidents, complaints, accidents or security breaches,<\/p>\r\n<p>using them as evidence in legal proceedings when necessary.<\/p>\r\n<ul class=\"wp-block-list\"><\/ul>\r\n<!-- \/wp:post-content -->\r\n\r\n<!-- wp:heading -->\r\n<h2 class=\"wp-block-heading\">5. Legal Grounds<\/h2>\r\n<!-- \/wp:heading -->\r\n\r\n<!-- wp:paragraph -->\r\n<p>Your image data is processed in accordance with Article 5 of the KVKK (Law on Protection of Personal Data), based on the legal grounds of enabling the data controller to fulfill its legal obligations, establishing, exercising or protecting a right, and the legitimate interests of the data controller, provided that it does not harm the fundamental rights and freedoms of the data subject.<\/p>\r\n<!-- \/wp:paragraph -->\r\n\r\n<!-- wp:heading -->\r\n<h2 class=\"wp-block-heading\">6. Addition Method<\/h2>\r\n<!-- \/wp:heading -->\r\n\r\n<!-- wp:paragraph -->\r\n<p>Your personal data is automatically collected through the closed-circuit television (CCTV) system installed within the facility.<\/p>\r\n<p>If audio is recorded by the camera systems, this will be clearly and separately notified. Unless otherwise specified, the system operates on the basis of video recording.<\/p>\r\n<!-- \/wp:paragraph -->\r\n\r\n<!-- wp:heading -->\r\n<h2 class=\"wp-block-heading\">7. Transfer<\/h2>\r\n<!-- \/wp:heading -->\r\n\r\n<!-- wp:paragraph -->\r\n<p>Camera recordings may be transferred to the following parties only for the purpose of:<\/p>\r\n<ul>\r\n<li>authorized law enforcement agencies,<\/li>\r\n<li>prosecution offices, courts and other authorized public institutions,<\/li>\r\n<li>our lawyers in case of legal disputes,<\/li>\r\n<li>suppliers from whom maintenance\/security\/IT support is received, under necessary confidentiality obligations.<\/li>\r\n<\/ul>\r\n<p><span style=\"color: #1b1b1b; font-size: 2rem;\">8.\u00a0Storage Time<\/span><\/p>\r\n<!-- \/wp:paragraph -->\r\n\r\n<!-- wp:paragraph -->\r\n<p>Camera recordings are stored for a period of 7 days, as required by the purpose of processing and in accordance with security policies; after this period, they are deleted, destroyed, or anonymized.<\/p>\r\n<!-- \/wp:paragraph -->\r\n\r\n<!-- wp:heading -->\r\n<h2 class=\"wp-block-heading\">9. Data Subject Rights<\/h2>\r\n<!-- \/wp:heading -->\r\n\r\n<!-- wp:paragraph -->\r\n<p>You can submit your requests regarding your rights as a data subject under Article 11 of the KVKK (Law on Protection of Personal Data) to the data controller in writing or through other methods stipulated in the legislation.<\/p>\r\n<p>For applications:<br \/>Email: info@palaiahotel.com<br \/>Address: Atat\u00fcrk Mah. \u00c7itlenbik Cad. Tad\u0131m Plaza Blok No: 4 Ata\u015fehir \/ \u0130stanbul<\/p>\r\n<!-- \/wp:paragraph -->","protected":false},"excerpt":{"rendered":"<p>CCTV RECORDING INFORMATION TEXT A. Short Warning Text \/ Sign THIS FACILITY IS EQUIPPED WITH 24\/7 CAMERA SURVEILLANCE TO ENSURE SECURITY.Detailed information can be obtained from the reception and\/or at www.palaiahotel.com.Data Controller: TEK\u0130NALP YAPI LIMITED COMPANY B. Detailed CCTV Recording Information Text PALAIA HOTEL CCTV \/ CAMERA RECORDING INFORMATION TEXT&#8230;<\/p>\n","protected":false},"author":2,"featured_media":0,"parent":0,"menu_order":0,"comment_status":"closed","ping_status":"closed","template":"","meta":{"_acf_changed":false,"footnotes":""},"class_list":["post-875","page","type-page","status-publish","hentry"],"acf":[],"_links":{"self":[{"href":"https:\/\/palaiahotel.com\/en\/wp-json\/wp\/v2\/pages\/875","targetHints":{"allow":["GET"]}}],"collection":[{"href":"https:\/\/palaiahotel.com\/en\/wp-json\/wp\/v2\/pages"}],"about":[{"href":"https:\/\/palaiahotel.com\/en\/wp-json\/wp\/v2\/types\/page"}],"author":[{"embeddable":true,"href":"https:\/\/palaiahotel.com\/en\/wp-json\/wp\/v2\/users\/2"}],"replies":[{"embeddable":true,"href":"https:\/\/palaiahotel.com\/en\/wp-json\/wp\/v2\/comments?post=875"}],"version-history":[{"count":3,"href":"https:\/\/palaiahotel.com\/en\/wp-json\/wp\/v2\/pages\/875\/revisions"}],"predecessor-version":[{"id":878,"href":"https:\/\/palaiahotel.com\/en\/wp-json\/wp\/v2\/pages\/875\/revisions\/878"}],"wp:attachment":[{"href":"https:\/\/palaiahotel.com\/en\/wp-json\/wp\/v2\/media?parent=875"}],"curies":[{"name":"wp","href":"https:\/\/api.w.org\/{rel}","templated":true}]}}